{"id":181,"date":"2020-05-29T09:35:36","date_gmt":"2020-05-29T07:35:36","guid":{"rendered":"http:\/\/notaireruelle.staging.knewledge.com\/?page_id=181"},"modified":"2022-08-01T15:27:13","modified_gmt":"2022-08-01T13:27:13","slug":"home","status":"publish","type":"page","link":"https:\/\/www.notaire-ruelle.be\/nl\/","title":{"rendered":"Home"},"content":{"rendered":"<p>[et_pb_section fb_built=&#8221;1&#8243; fullwidth=&#8221;on&#8221; module_id=&#8221;entete&#8221; _builder_version=&#8221;4.4.3&#8243;][et_pb_fullwidth_header title=&#8221;Notariskantoor in Neufch\u00e2teau&#8221; subhead=&#8221;(Provincie Luxemburg)&#8221; _builder_version=&#8221;4.4.3&#8243; title_text_align=&#8221;left&#8221; title_font_size=&#8221;40px&#8221; subhead_font_size=&#8221;30px&#8221; use_background_color_gradient=&#8221;on&#8221; background_color_gradient_start=&#8221;rgba(2,0,0,0.69)&#8221; background_color_gradient_end=&#8221;rgba(2,0,0,0)&#8221; background_color_gradient_direction=&#8221;96deg&#8221; background_color_gradient_end_position=&#8221;75%&#8221; background_image=&#8221;https:\/\/www.notaire-ruelle.be\/wp-content\/uploads\/2020\/06\/notaire-ruelle.jpg&#8221; background_blend=&#8221;multiply&#8221; custom_padding=&#8221;100px||100px||false|false&#8221; custom_css_main_element=&#8221;padding:190px 0;&#8221;][\/et_pb_fullwidth_header][\/et_pb_section][et_pb_section fb_built=&#8221;1&#8243; _builder_version=&#8221;4.9.10&#8243; background_enable_color=&#8221;off&#8221;][et_pb_row _builder_version=&#8221;4.4.3&#8243;][et_pb_column type=&#8221;4_4&#8243; _builder_version=&#8221;4.4.3&#8243;][et_pb_text _builder_version=&#8221;4.9.10&#8243;]<\/p>\n<h2>Notaris Caroline Ruelle<\/h2>\n<p>In een groene omgeving, op een discrete locatie ietwat verwijderd van de stad, vormen notaris Caroline Ruelle en haar medewerkers, een team dat klaarstaat om u van dienst te zijn. <\/p>\n<p>Beschikbaarheid is voor ons een essenti\u00eble waarde. Ook al ontvangt de notaris op afspraak, zodra u de deur van het kantoor binnenstapt, wordt uw zaak door een van onze medewerkers behartigd.<\/p>\n<p>[\/et_pb_text][\/et_pb_column][\/et_pb_row][et_pb_row _builder_version=&#8221;4.9.10&#8243; _module_preset=&#8221;default&#8221; background_enable_color=&#8221;off&#8221; custom_css_main_element=&#8221;border : solid 2px #0367a6 ;||padding:30px;&#8221;][et_pb_column type=&#8221;4_4&#8243; _builder_version=&#8221;4.9.10&#8243; _module_preset=&#8221;default&#8221;][et_pb_text admin_label=&#8221;L&#8217;\u00e9tude du notaire Ruelle est \u00e9quip\u00e9e d&#8217;un syst\u00e8me de Vid\u00e9oconf\u00e9rence s\u00e9curis\u00e9 !&#8221; _builder_version=&#8221;4.9.10&#8243; _module_preset=&#8221;default&#8221;]<\/p>\n<h3>Dit notariskantoor is uitgerust met een videoconferentiesysteem.<\/h3>\n<p>Gemak, veiligheid en ecologie zijn de sleutelwoorden van dit systeem. Wij kunnen op afstand optreden met andere notariskantoren die ook met dit systeem zijn uitgerust.<\/p>\n<p>[\/et_pb_text][\/et_pb_column][\/et_pb_row][\/et_pb_section][et_pb_section fb_built=&#8221;1&#8243; _builder_version=&#8221;4.4.3&#8243;][et_pb_row _builder_version=&#8221;4.4.3&#8243;][et_pb_column type=&#8221;4_4&#8243; _builder_version=&#8221;4.4.3&#8243;][et_pb_text admin_label=&#8221;Services notariaux&#8221; _builder_version=&#8221;4.4.3&#8243;]<\/p>\n<h2 style=\"text-align: center;\">Notarisdiensten<\/h2>\n<p>[\/et_pb_text][\/et_pb_column][\/et_pb_row][et_pb_row column_structure=&#8221;1_2,1_2&#8243; _builder_version=&#8221;4.4.3&#8243; custom_padding=&#8221;||||false|false&#8221;][et_pb_column type=&#8221;1_2&#8243; _builder_version=&#8221;4.4.3&#8243; background_image=&#8221;https:\/\/www.notaire-ruelle.be\/wp-content\/uploads\/2020\/05\/notaire-particulier-entreprise.jpg&#8221; custom_padding=&#8221;100px||100px||false|false&#8221;][et_pb_button button_url=&#8221;@ET-DC@eyJkeW5hbWljIjp0cnVlLCJjb250ZW50IjoicG9zdF9saW5rX3VybF9wYWdlIiwic2V0dGluZ3MiOnsicG9zdF9pZCI6IjUwIn19@&#8221; button_text=&#8221;Particulieren &amp; ondernemingen&#8221; button_alignment=&#8221;center&#8221; admin_label=&#8221;Particuliers &#038; Entreprises&#8221; _builder_version=&#8221;4.4.3&#8243; _dynamic_attributes=&#8221;button_url&#8221;][\/et_pb_button][\/et_pb_column][et_pb_column type=&#8221;1_2&#8243; _builder_version=&#8221;4.4.3&#8243; background_image=&#8221;https:\/\/www.notaire-ruelle.be\/wp-content\/uploads\/2020\/06\/IMG_2872.jpg&#8221; custom_padding=&#8221;100px||100px||false|false&#8221;][et_pb_button button_url=&#8221;@ET-DC@eyJkeW5hbWljIjp0cnVlLCJjb250ZW50IjoicG9zdF9saW5rX3VybF9wYWdlIiwic2V0dGluZ3MiOnsicG9zdF9pZCI6IjU0In19@&#8221; button_text=&#8221;Pachtovereenkomst&#8221; button_alignment=&#8221;center&#8221; admin_label=&#8221;Bail \u00e0 Ferme&#8221; _builder_version=&#8221;4.4.3&#8243; _dynamic_attributes=&#8221;button_url&#8221;][\/et_pb_button][\/et_pb_column][\/et_pb_row][et_pb_row column_structure=&#8221;1_2,1_2&#8243; _builder_version=&#8221;4.4.3&#8243; custom_padding=&#8221;||||false|false&#8221;][et_pb_column type=&#8221;1_2&#8243; _builder_version=&#8221;4.4.3&#8243; background_image=&#8221;https:\/\/www.notaire-ruelle.be\/wp-content\/uploads\/2020\/05\/notaire-mediation-familiale.jpg&#8221; custom_padding=&#8221;100px||100px||false|false&#8221;][et_pb_button button_url=&#8221;@ET-DC@eyJkeW5hbWljIjp0cnVlLCJjb250ZW50IjoicG9zdF9saW5rX3VybF9wYWdlIiwic2V0dGluZ3MiOnsicG9zdF9pZCI6IjUyIn19@&#8221; button_text=&#8221;Familiebemiddeling&#8221; button_alignment=&#8221;center&#8221; admin_label=&#8221;M\u00e9diation Familiale&#8221; _builder_version=&#8221;4.4.3&#8243; _dynamic_attributes=&#8221;button_url&#8221;][\/et_pb_button][\/et_pb_column][et_pb_column type=&#8221;1_2&#8243; _builder_version=&#8221;4.4.3&#8243; background_image=&#8221;https:\/\/www.notaire-ruelle.be\/wp-content\/uploads\/2020\/05\/notaire-immobilier-neufchateau.jpg&#8221; custom_padding=&#8221;100px||100px||false|false&#8221;][et_pb_button button_url=&#8221;https:\/\/www.immoweb.be\/nl\/notaris\/caroline-ruelle\/92120&#8243; url_new_window=&#8221;on&#8221; button_text=&#8221;Vastgoed&#8221; button_alignment=&#8221;center&#8221; admin_label=&#8221;Biens Immobiliers&#8221; _builder_version=&#8221;4.4.3&#8243;][\/et_pb_button][\/et_pb_column][\/et_pb_row][\/et_pb_section][et_pb_section fb_built=&#8221;1&#8243; _builder_version=&#8221;4.4.3&#8243;][et_pb_row _builder_version=&#8221;4.4.3&#8243;][et_pb_column type=&#8221;4_4&#8243; _builder_version=&#8221;4.4.3&#8243;][et_pb_text _builder_version=&#8221;4.9.10&#8243; hover_enabled=&#8221;0&#8243; sticky_enabled=&#8221;0&#8243;]<\/p>\n<h2>Geschiedenis van het kantoor<\/h2>\n<p>In november 2012 werd notaris Caroline Ruelle vennoot van notaris Maus de Rolley, die toen al sinds 7 augustus 1980 aan de slag was en die destijds de minuten van meester Jacques Gourdet had overgenomen.<\/p>\n<p>Het volledige kantoor werd overgenomen door notaris Caroline Ruelle op 10 februari 2017. In april 2019 verhuisde het kantoor naar Chemin des Lilas 39 in Neufch\u00e2teau, om u in alle discretie te kunnen ontvangen op een grotere locatie.<\/p>\n<p>[\/et_pb_text][\/et_pb_column][\/et_pb_row][\/et_pb_section]<\/p>\n","protected":false},"excerpt":{"rendered":"<p>Notaris Caroline Ruelle In een groene omgeving, op een discrete locatie ietwat verwijderd van de stad, vormen notaris Caroline Ruelle en haar medewerkers, een team dat klaarstaat om u van dienst te zijn. Beschikbaarheid is voor ons een essenti\u00eble waarde. Ook al ontvangt de notaris op afspraak, zodra u de deur van het kantoor binnenstapt, [&hellip;]<\/p>\n","protected":false},"author":5,"featured_media":0,"parent":0,"menu_order":0,"comment_status":"closed","ping_status":"closed","template":"","meta":{"_et_pb_use_builder":"on","_et_pb_old_content":"<p>[et_pb_section fb_built=\"1\" fullwidth=\"on\" module_id=\"entete\" _builder_version=\"4.4.3\"][et_pb_fullwidth_header title=\"\u00c9tude Notariale \u00e0 Neufchateau\" subhead=\"(Province de Luxembourg)\" text_orientation=\"right\" _builder_version=\"4.4.3\" title_text_align=\"center\" title_font_size=\"40px\" subhead_font_size=\"30px\" use_background_color_gradient=\"on\" background_color_gradient_start=\"rgba(2,0,0,0.45)\" background_color_gradient_end=\"rgba(2,0,0,0)\" background_color_gradient_direction=\"198deg\" background_image=\"https:\/\/www.notaire-ruelle.be\/wp-content\/uploads\/2020\/05\/Sans-titre-2.jpg\" background_blend=\"multiply\" custom_padding=\"100px||100px||false|false\"][\/et_pb_fullwidth_header][\/et_pb_section][et_pb_section fb_built=\"1\" _builder_version=\"4.4.3\" background_color=\"#F2F2F2\"][et_pb_row _builder_version=\"4.4.3\"][et_pb_column type=\"4_4\" _builder_version=\"4.4.3\"][et_pb_text _builder_version=\"4.4.3\"]<\/p><h2>Notaire Caroline Ruelle<\/h2><p>Nich\u00e9e dans un \u00e9crin de verdure, dans un endroit discret l\u00e9g\u00e8rement en retrait de la ville, le notaire Ruelle et ses collaborateurs forment une \u00e9quipe de 7 personnes pour vous servir.<\/p><p>La disponibilit\u00e9 constitue pour nous une valeur essentielle. M\u00eame si le notaire re\u00e7oit sur rendez-vous, d\u00e8s que vous franchirez la porte de l\u2019\u00e9tude, votre probl\u00e8me sera pris en consid\u00e9ration par un de nos collaborateurs .<\/p><p>[\/et_pb_text][\/et_pb_column][\/et_pb_row][\/et_pb_section][et_pb_section fb_built=\"1\" _builder_version=\"4.4.3\"][et_pb_row _builder_version=\"4.4.3\"][et_pb_column type=\"4_4\" _builder_version=\"4.4.3\"][et_pb_text admin_label=\"Services notoriaux\" _builder_version=\"4.4.3\"]<\/p><h2 style=\"text-align: center;\">Services notoriaux<\/h2><p>[\/et_pb_text][\/et_pb_column][\/et_pb_row][et_pb_row column_structure=\"1_2,1_2\" _builder_version=\"4.4.3\" custom_padding=\"||||false|false\"][et_pb_column type=\"1_2\" _builder_version=\"4.4.3\" background_image=\"https:\/\/www.notaire-ruelle.be\/wp-content\/uploads\/2020\/05\/notaire-particulier-entreprise.jpg\" custom_padding=\"100px||100px||false|false\"][et_pb_button button_url=\"@ET-DC@eyJkeW5hbWljIjp0cnVlLCJjb250ZW50IjoicG9zdF9saW5rX3VybF9wYWdlIiwic2V0dGluZ3MiOnsicG9zdF9pZCI6IjUwIn19@\" button_text=\"Particuliers & Entreprises\" button_alignment=\"center\" admin_label=\"Particuliers & Entreprises\" _builder_version=\"4.4.3\" _dynamic_attributes=\"button_url\"][\/et_pb_button][\/et_pb_column][et_pb_column type=\"1_2\" _builder_version=\"4.4.3\" background_image=\"https:\/\/www.notaire-ruelle.be\/wp-content\/uploads\/2020\/05\/vache.jpg\" custom_padding=\"100px||100px||false|false\"][et_pb_button button_url=\"@ET-DC@eyJkeW5hbWljIjp0cnVlLCJjb250ZW50IjoicG9zdF9saW5rX3VybF9wYWdlIiwic2V0dGluZ3MiOnsicG9zdF9pZCI6IjU0In19@\" button_text=\"Bail \u00e0 Ferme\" button_alignment=\"center\" admin_label=\"Bail \u00e0 Ferme\" _builder_version=\"4.4.3\" _dynamic_attributes=\"button_url\"][\/et_pb_button][\/et_pb_column][\/et_pb_row][et_pb_row column_structure=\"1_2,1_2\" _builder_version=\"4.4.3\" custom_padding=\"||||false|false\"][et_pb_column type=\"1_2\" _builder_version=\"4.4.3\" background_image=\"https:\/\/www.notaire-ruelle.be\/wp-content\/uploads\/2020\/05\/notaire-mediation-familiale.jpg\" custom_padding=\"100px||100px||false|false\"][et_pb_button button_url=\"@ET-DC@eyJkeW5hbWljIjp0cnVlLCJjb250ZW50IjoicG9zdF9saW5rX3VybF9wYWdlIiwic2V0dGluZ3MiOnsicG9zdF9pZCI6IjUyIn19@\" button_text=\"M\u00e9diation Familiale\" button_alignment=\"center\" admin_label=\"M\u00e9diation Familiale\" _builder_version=\"4.4.3\" _dynamic_attributes=\"button_url\"][\/et_pb_button][\/et_pb_column][et_pb_column type=\"1_2\" _builder_version=\"4.4.3\" background_image=\"https:\/\/www.notaire-ruelle.be\/wp-content\/uploads\/2020\/05\/notaire-immobilier-neufchateau.jpg\" custom_padding=\"100px||100px||false|false\"][et_pb_button button_url=\"http:\/\/www.notairefosseprez.be#immo\" url_new_window=\"on\" button_text=\"Biens Immobiliers\" button_alignment=\"center\" admin_label=\"Biens Immobiliers\" _builder_version=\"4.4.3\"][\/et_pb_button][\/et_pb_column][\/et_pb_row][\/et_pb_section][et_pb_section fb_built=\"1\" _builder_version=\"4.4.3\"][et_pb_row _builder_version=\"4.4.3\"][et_pb_column _builder_version=\"4.4.3\" type=\"4_4\"][et_pb_text _builder_version=\"4.4.3\" hover_enabled=\"0\"]<\/p><h2>Historique de l\u2019\u00e9tude<\/h2><p>En novembre 2012, le Notaire Caroline Ruelle s\u2019est associ\u00e9e avec le notaire Hubert Maus de Rolley, alors en fonction depuis le 07 ao\u00fbt 1980, lequel avait, \u00e0 l\u2019\u00e9poque,\u00a0 repris les minutes de Me Jacques Gourdet<\/p><p>L\u2019int\u00e9gralit\u00e9 de l\u2019\u00e9tude a \u00e9t\u00e9 reprise par le Notaire Caroline Ruelle le 10 f\u00e9vrier 2017.<\/p><p>Depuis avril 2019, l\u2019\u00e9tude a d\u00e9m\u00e9nag\u00e9 \u00e0 Neufch\u00e2teau, Chemin des Lilas 39, afin de vous accueillir dans un plus grand espace permettant de vous recevoir en toute discr\u00e9tion.[\/et_pb_text][\/et_pb_column][\/et_pb_row][\/et_pb_section]<\/p>","_et_gb_content_width":"","footnotes":""},"class_list":["post-181","page","type-page","status-publish","hentry"],"yoast_head":"<!-- This site is optimized with the Yoast SEO plugin v24.3 - https:\/\/yoast.com\/wordpress\/plugins\/seo\/ -->\n<title>Notaris Caroline Ruelle (NL\/FR) - Neufch\u00e2teau - Provincie Luxemburg<\/title>\n<meta name=\"description\" content=\"Notaris Caroline Ruelle (NL\/FR) en haar medewerkers vormen een team die voor u klaar staan. Notarisdiensten : particulieren, ondernemingen, pachtovereenkomst, femiliebemiddeling, vastogoed, etc.\" \/>\n<meta name=\"robots\" content=\"index, follow, max-snippet:-1, max-image-preview:large, max-video-preview:-1\" \/>\n<link rel=\"canonical\" href=\"https:\/\/www.notaire-ruelle.be\/\" \/>\n<meta property=\"og:locale\" content=\"nl_NL\" \/>\n<meta property=\"og:type\" content=\"article\" \/>\n<meta property=\"og:title\" content=\"Notaris Caroline Ruelle (NL\/FR) - Neufch\u00e2teau - Provincie Luxemburg\" \/>\n<meta property=\"og:description\" content=\"Notaris Caroline Ruelle (NL\/FR) en haar medewerkers vormen een team die voor u klaar staan. Notarisdiensten : particulieren, ondernemingen, pachtovereenkomst, femiliebemiddeling, vastogoed, etc.\" \/>\n<meta property=\"og:url\" content=\"https:\/\/www.notaire-ruelle.be\/\" \/>\n<meta property=\"og:site_name\" content=\"Notaire Ruelle - Neufch\u00e2teau\" \/>\n<meta property=\"article:modified_time\" content=\"2022-08-01T13:27:13+00:00\" \/>\n<meta property=\"og:image\" content=\"https:\/\/www.notaire-ruelle.be\/wp-content\/uploads\/2020\/09\/notaire-ruelle.be_.jpg\" \/>\n<meta name=\"twitter:card\" content=\"summary_large_image\" \/>\n<meta name=\"twitter:label1\" content=\"Geschatte leestijd\" \/>\n\t<meta name=\"twitter:data1\" content=\"4 minuten\" \/>\n<script type=\"application\/ld+json\" class=\"yoast-schema-graph\">{\"@context\":\"https:\/\/schema.org\",\"@graph\":[{\"@type\":\"WebPage\",\"@id\":\"https:\/\/www.notaire-ruelle.be\/\",\"url\":\"https:\/\/www.notaire-ruelle.be\/\",\"name\":\"Notaris Caroline Ruelle (NL\/FR) - Neufch\u00e2teau - Provincie Luxemburg\",\"isPartOf\":{\"@id\":\"https:\/\/www.notaire-ruelle.be\/#website\"},\"datePublished\":\"2020-05-29T07:35:36+00:00\",\"dateModified\":\"2022-08-01T13:27:13+00:00\",\"description\":\"Notaris Caroline Ruelle (NL\/FR) en haar medewerkers vormen een team die voor u klaar staan. Notarisdiensten : particulieren, ondernemingen, pachtovereenkomst, femiliebemiddeling, vastogoed, etc.\",\"breadcrumb\":{\"@id\":\"https:\/\/www.notaire-ruelle.be\/#breadcrumb\"},\"inLanguage\":\"nl-NL\",\"potentialAction\":[{\"@type\":\"ReadAction\",\"target\":[\"https:\/\/www.notaire-ruelle.be\/\"]}]},{\"@type\":\"BreadcrumbList\",\"@id\":\"https:\/\/www.notaire-ruelle.be\/#breadcrumb\",\"itemListElement\":[{\"@type\":\"ListItem\",\"position\":1,\"name\":\"Accueil\",\"item\":\"https:\/\/www.notaire-ruelle.be\/\"},{\"@type\":\"ListItem\",\"position\":2,\"name\":\"Home\"}]},{\"@type\":\"WebSite\",\"@id\":\"https:\/\/www.notaire-ruelle.be\/#website\",\"url\":\"https:\/\/www.notaire-ruelle.be\/\",\"name\":\"Notaire Ruelle - Neufch\u00e2teau\",\"description\":\"Etude notariale Neufchateau\",\"potentialAction\":[{\"@type\":\"SearchAction\",\"target\":{\"@type\":\"EntryPoint\",\"urlTemplate\":\"https:\/\/www.notaire-ruelle.be\/?s={search_term_string}\"},\"query-input\":{\"@type\":\"PropertyValueSpecification\",\"valueRequired\":true,\"valueName\":\"search_term_string\"}}],\"inLanguage\":\"nl-NL\"}]}<\/script>\n<!-- \/ Yoast SEO plugin. -->","yoast_head_json":{"title":"Notaris Caroline Ruelle (NL\/FR) - Neufch\u00e2teau - Provincie Luxemburg","description":"Notaris Caroline Ruelle (NL\/FR) en haar medewerkers vormen een team die voor u klaar staan. Notarisdiensten : particulieren, ondernemingen, pachtovereenkomst, femiliebemiddeling, vastogoed, etc.","robots":{"index":"index","follow":"follow","max-snippet":"max-snippet:-1","max-image-preview":"max-image-preview:large","max-video-preview":"max-video-preview:-1"},"canonical":"https:\/\/www.notaire-ruelle.be\/","og_locale":"nl_NL","og_type":"article","og_title":"Notaris Caroline Ruelle (NL\/FR) - Neufch\u00e2teau - Provincie Luxemburg","og_description":"Notaris Caroline Ruelle (NL\/FR) en haar medewerkers vormen een team die voor u klaar staan. Notarisdiensten : particulieren, ondernemingen, pachtovereenkomst, femiliebemiddeling, vastogoed, etc.","og_url":"https:\/\/www.notaire-ruelle.be\/","og_site_name":"Notaire Ruelle - Neufch\u00e2teau","article_modified_time":"2022-08-01T13:27:13+00:00","og_image":[{"url":"https:\/\/www.notaire-ruelle.be\/wp-content\/uploads\/2020\/09\/notaire-ruelle.be_.jpg","type":"","width":"","height":""}],"twitter_card":"summary_large_image","twitter_misc":{"Geschatte leestijd":"4 minuten"},"schema":{"@context":"https:\/\/schema.org","@graph":[{"@type":"WebPage","@id":"https:\/\/www.notaire-ruelle.be\/","url":"https:\/\/www.notaire-ruelle.be\/","name":"Notaris Caroline Ruelle (NL\/FR) - Neufch\u00e2teau - Provincie Luxemburg","isPartOf":{"@id":"https:\/\/www.notaire-ruelle.be\/#website"},"datePublished":"2020-05-29T07:35:36+00:00","dateModified":"2022-08-01T13:27:13+00:00","description":"Notaris Caroline Ruelle (NL\/FR) en haar medewerkers vormen een team die voor u klaar staan. Notarisdiensten : particulieren, ondernemingen, pachtovereenkomst, femiliebemiddeling, vastogoed, etc.","breadcrumb":{"@id":"https:\/\/www.notaire-ruelle.be\/#breadcrumb"},"inLanguage":"nl-NL","potentialAction":[{"@type":"ReadAction","target":["https:\/\/www.notaire-ruelle.be\/"]}]},{"@type":"BreadcrumbList","@id":"https:\/\/www.notaire-ruelle.be\/#breadcrumb","itemListElement":[{"@type":"ListItem","position":1,"name":"Accueil","item":"https:\/\/www.notaire-ruelle.be\/"},{"@type":"ListItem","position":2,"name":"Home"}]},{"@type":"WebSite","@id":"https:\/\/www.notaire-ruelle.be\/#website","url":"https:\/\/www.notaire-ruelle.be\/","name":"Notaire Ruelle - Neufch\u00e2teau","description":"Etude notariale Neufchateau","potentialAction":[{"@type":"SearchAction","target":{"@type":"EntryPoint","urlTemplate":"https:\/\/www.notaire-ruelle.be\/?s={search_term_string}"},"query-input":{"@type":"PropertyValueSpecification","valueRequired":true,"valueName":"search_term_string"}}],"inLanguage":"nl-NL"}]}},"_links":{"self":[{"href":"https:\/\/www.notaire-ruelle.be\/nl\/wp-json\/wp\/v2\/pages\/181","targetHints":{"allow":["GET"]}}],"collection":[{"href":"https:\/\/www.notaire-ruelle.be\/nl\/wp-json\/wp\/v2\/pages"}],"about":[{"href":"https:\/\/www.notaire-ruelle.be\/nl\/wp-json\/wp\/v2\/types\/page"}],"author":[{"embeddable":true,"href":"https:\/\/www.notaire-ruelle.be\/nl\/wp-json\/wp\/v2\/users\/5"}],"replies":[{"embeddable":true,"href":"https:\/\/www.notaire-ruelle.be\/nl\/wp-json\/wp\/v2\/comments?post=181"}],"version-history":[{"count":20,"href":"https:\/\/www.notaire-ruelle.be\/nl\/wp-json\/wp\/v2\/pages\/181\/revisions"}],"predecessor-version":[{"id":807,"href":"https:\/\/www.notaire-ruelle.be\/nl\/wp-json\/wp\/v2\/pages\/181\/revisions\/807"}],"wp:attachment":[{"href":"https:\/\/www.notaire-ruelle.be\/nl\/wp-json\/wp\/v2\/media?parent=181"}],"curies":[{"name":"wp","href":"https:\/\/api.w.org\/{rel}","templated":true}]}}